{"id":37662,"date":"2024-07-19T07:30:17","date_gmt":"2024-07-19T07:30:17","guid":{"rendered":"https:\/\/akdemirlegal.com\/our-legal-team\/"},"modified":"2026-04-10T15:43:28","modified_gmt":"2026-04-10T15:43:28","slug":"our-legal-team","status":"publish","type":"page","link":"https:\/\/akdemirlegal.com\/en\/our-legal-team\/","title":{"rendered":"Our Team"},"content":{"rendered":"\t\t<div data-elementor-type=\"wp-page\" data-elementor-id=\"37662\" class=\"elementor elementor-37662 elementor-36245\">\n\t\t\t\t\t\t<section class=\"elementor-section elementor-top-section elementor-element elementor-element-52fc8628 elementor-section-content-middle elementor-section-full_width elementor-section-height-default elementor-section-height-default content-parallax-no\" data-id=\"52fc8628\" data-element_type=\"section\" data-e-type=\"section\">\n\t\t\t\t\t\t<div class=\"elementor-container elementor-column-gap-extended\">\n\t\t\t\t\t<div class=\"elementor-column elementor-col-100 elementor-top-column elementor-element elementor-element-97bd00a\" data-id=\"97bd00a\" data-element_type=\"column\" data-e-type=\"column\">\n\t\t\t<div class=\"elementor-widget-wrap elementor-element-populated\">\n\t\t\t\t\t\t<section class=\"elementor-section elementor-inner-section elementor-element elementor-element-2a5ab6bb elementor-section-boxed elementor-section-height-default elementor-section-height-default content-parallax-no\" data-id=\"2a5ab6bb\" data-element_type=\"section\" data-e-type=\"section\">\n\t\t\t\t\t\t<div class=\"elementor-container elementor-column-gap-default\">\n\t\t\t\t\t<div class=\"elementor-column elementor-col-33 elementor-inner-column elementor-element elementor-element-338545b5\" data-id=\"338545b5\" data-element_type=\"column\" data-e-type=\"column\">\n\t\t\t<div class=\"elementor-widget-wrap\">\n\t\t\t\t\t\t\t<\/div>\n\t\t<\/div>\n\t\t\t\t<div class=\"elementor-column elementor-col-33 elementor-inner-column elementor-element elementor-element-37abeffa\" data-id=\"37abeffa\" data-element_type=\"column\" data-e-type=\"column\">\n\t\t\t<div class=\"elementor-widget-wrap\">\n\t\t\t\t\t\t\t<\/div>\n\t\t<\/div>\n\t\t\t\t<div class=\"elementor-column elementor-col-33 elementor-inner-column elementor-element elementor-element-6a4ff19e\" data-id=\"6a4ff19e\" data-element_type=\"column\" data-e-type=\"column\">\n\t\t\t<div class=\"elementor-widget-wrap\">\n\t\t\t\t\t\t\t<\/div>\n\t\t<\/div>\n\t\t\t\t\t<\/div>\n\t\t<\/section>\n\t\t\t\t<div class=\"elementor-element elementor-element-1bcafbfc elementor-widget elementor-widget-ceateam\" data-id=\"1bcafbfc\" data-element_type=\"widget\" data-e-type=\"widget\" data-widget_type=\"ceateam.default\">\n\t\t\t\t\r\n\t\t<div class=\"elementor-widget-container team-wrapper team-style-modern team-light team-normal-model\"  data-elementor-id=\"1bcafbfc\">\r\n\t\t\r\n\t\t\t<div class=\"row\"><div class=\"col-lg-4 col-md-6 col-sm-12\" ><div class=\"team-inner\"><div class=\"post-thumb\"><a href=\"https:\/\/akdemirlegal.com\/en\/avukat\/sumeyye-nur-yakut-akdemir\/\" class=\"post-image-link\"><img decoding=\"async\" src=\"https:\/\/akdemirlegal.com\/wp-content\/uploads\/2025\/10\/WhatsApp-Image-2025-08-13-at-15.51.08-2.jpeg\" title=\"WhatsApp Image 2025-08-13 at 15.51.08 (2)\" alt=\"\" class=\"img-fluid squared\" \/><\/a><\/div><!-- .post-thumb --><div class=\"entry-title\"><h4 class=\"post-title-head\"><a href=\"https:\/\/akdemirlegal.com\/en\/avukat\/sumeyye-nur-yakut-akdemir\/\" class=\"post-title\">S\u00fcmeyye Nur Yakut Akdemir<\/a><\/h4><\/div><!-- .entry-title --><div class=\"team-designation\"><div class=\"post-designation-head\">Managing Attorney<\/div><\/div><!-- .team-designation --><div class=\"team-social-wrap clearfix\"><ul class=\"nav social-icons team-socialsocial-circled social-black social-h-own social-bg-transparent social-hbg-transparent\"><li><a class=\"social-instagram\" href=\"https:\/\/www.instagram.com\/akdemirlegal\/\" target=\"_blank\" rel=\"noopener\"><i class=\"fa fa-instagram\"><\/i><\/a><\/li><li><a class=\"social-linkedin\" href=\"https:\/\/www.linkedin.com\/in\/s-nur-yakut-akdemir-121013331\/\" target=\"_blank\" rel=\"noopener\"><i class=\"fa fa-linkedin\"><\/i><\/a><\/li><\/ul><\/div> <!-- .team-social-wrap --><\/div><!-- .team-inner --><\/div><!-- .col \/ .owl-carousel-item \/ .isotope --><div class=\"col-lg-4 col-md-6 col-sm-12\" ><div class=\"team-inner\"><div class=\"post-thumb\"><a href=\"https:\/\/akdemirlegal.com\/en\/avukat\/hale-bilir-2\/\" class=\"post-image-link\"><img decoding=\"async\" src=\"https:\/\/akdemirlegal.com\/wp-content\/uploads\/2025\/10\/hale.jpeg\" title=\"Hale\" alt=\"\" class=\"img-fluid squared img-fluid squared\" \/><\/a><\/div><!-- .post-thumb --><div class=\"entry-title\"><h4 class=\"post-title-head\"><a href=\"https:\/\/akdemirlegal.com\/en\/avukat\/hale-bilir-2\/\" class=\"post-title\">Hale Bilir<\/a><\/h4><\/div><!-- .entry-title --><div class=\"team-designation\"><div class=\"post-designation-head\">General Coordinator<\/div><\/div><!-- .team-designation --><div class=\"team-social-wrap clearfix\"><ul class=\"nav social-icons team-socialsocial-circled social-black social-h-own social-bg-transparent social-hbg-transparent\"><li><a class=\"social-instagram\" href=\"https:\/\/www.instagram.com\/akdemirlegal\/\" target=\"_blank\" rel=\"noopener\"><i class=\"fa fa-instagram\"><\/i><\/a><\/li><li><a class=\"social-linkedin\" href=\"https:\/\/www.linkedin.com\/in\/hale-bilir-390680111\/\" target=\"_blank\" rel=\"noopener\"><i class=\"fa fa-linkedin\"><\/i><\/a><\/li><\/ul><\/div> <!-- .team-social-wrap --><\/div><!-- .team-inner --><\/div><!-- .col \/ .owl-carousel-item \/ .isotope --><div class=\"col-lg-4 col-md-6 col-sm-12\" ><div class=\"team-inner\"><div class=\"post-thumb\"><a href=\"https:\/\/akdemirlegal.com\/en\/avukat\/mehmet-sengul-2\/\" class=\"post-image-link\"><img decoding=\"async\" src=\"https:\/\/akdemirlegal.com\/wp-content\/uploads\/2025\/10\/WhatsApp-Image-2025-08-11-at-18.15.09.jpeg\" title=\"WhatsApp Image 2025-08-11 at 18.15.09\" alt=\"\" class=\"img-fluid squared img-fluid squared img-fluid squared\" \/><\/a><\/div><!-- .post-thumb --><div class=\"entry-title\"><h4 class=\"post-title-head\"><a href=\"https:\/\/akdemirlegal.com\/en\/avukat\/mehmet-sengul-2\/\" class=\"post-title\">Mehmet \u015eeng\u00fcl<\/a><\/h4><\/div><!-- .entry-title --><div class=\"team-designation\"><div class=\"post-designation-head\">Enforcement &amp; Debt Recovery Specialist<\/div><\/div><!-- .team-designation --><div class=\"team-social-wrap clearfix\"><ul class=\"nav social-icons team-socialsocial-circled social-black social-h-own social-bg-transparent social-hbg-transparent\"><li><a class=\"social-instagram\" href=\"https:\/\/www.instagram.com\/akdemirlegal\/\" target=\"_blank\" rel=\"noopener\"><i class=\"fa fa-instagram\"><\/i><\/a><\/li><li><a class=\"social-linkedin\" href=\"https:\/\/www.linkedin.com\/company\/akdemir-legal-law-consultancy\/\" target=\"_blank\" rel=\"noopener\"><i class=\"fa fa-linkedin\"><\/i><\/a><\/li><\/ul><\/div> <!-- .team-social-wrap --><\/div><!-- .team-inner --><\/div><!-- .col \/ .owl-carousel-item \/ .isotope --><div class=\"col-lg-4 col-md-6 col-sm-12\" ><div class=\"team-inner\"><div class=\"post-thumb\"><a href=\"https:\/\/akdemirlegal.com\/en\/avukat\/eren-colak-2\/\" class=\"post-image-link\"><img decoding=\"async\" src=\"https:\/\/akdemirlegal.com\/wp-content\/uploads\/2025\/10\/eren-colak-scaled.jpg\" title=\"eren-colak\" alt=\"\" class=\"img-fluid squared img-fluid squared img-fluid squared img-fluid squared\" \/><\/a><\/div><!-- .post-thumb --><div class=\"entry-title\"><h4 class=\"post-title-head\"><a href=\"https:\/\/akdemirlegal.com\/en\/avukat\/eren-colak-2\/\" class=\"post-title\">Eren \u00c7olak<\/a><\/h4><\/div><!-- .entry-title --><div class=\"team-designation\"><div class=\"post-designation-head\">Legal Intern<\/div><\/div><!-- .team-designation --><div class=\"team-social-wrap clearfix\"><ul class=\"nav social-icons team-socialsocial-circled social-black social-h-own social-bg-transparent social-hbg-transparent\"><li><a class=\"social-instagram\" href=\"https:\/\/www.instagram.com\/akdemirlegal\/\" target=\"_blank\" rel=\"noopener\"><i class=\"fa fa-instagram\"><\/i><\/a><\/li><li><a class=\"social-linkedin\" href=\"https:\/\/www.linkedin.com\/company\/akdemir-legal-law-consultancy\/\" target=\"_blank\" rel=\"noopener\"><i class=\"fa fa-linkedin\"><\/i><\/a><\/li><\/ul><\/div> <!-- .team-social-wrap --><\/div><!-- .team-inner --><\/div><!-- .col \/ .owl-carousel-item \/ .isotope --><div class=\"col-lg-4 col-md-6 col-sm-12\" ><div class=\"team-inner\"><div class=\"post-thumb\"><a href=\"https:\/\/akdemirlegal.com\/en\/avukat\/ezgi-kaplica-celik-2\/\" class=\"post-image-link\"><img decoding=\"async\" src=\"https:\/\/akdemirlegal.com\/wp-content\/uploads\/2025\/10\/WhatsApp-Image-2025-08-11-at-15.44.25.jpeg\" title=\"WhatsApp Image 2025-08-11 at 15.44.25\" alt=\"\" class=\"img-fluid squared img-fluid squared img-fluid squared img-fluid squared img-fluid squared\" \/><\/a><\/div><!-- .post-thumb --><div class=\"entry-title\"><h4 class=\"post-title-head\"><a href=\"https:\/\/akdemirlegal.com\/en\/avukat\/ezgi-kaplica-celik-2\/\" class=\"post-title\">Ezgi Kapl\u0131ca \u00c7elik<\/a><\/h4><\/div><!-- .entry-title --><div class=\"team-designation\"><div class=\"post-designation-head\">Executive Assistant<\/div><\/div><!-- .team-designation --><div class=\"team-social-wrap clearfix\"><ul class=\"nav social-icons team-socialsocial-circled social-black social-h-own social-bg-transparent social-hbg-transparent\"><li><a class=\"social-instagram\" href=\"https:\/\/www.instagram.com\/akdemirlegal\/\" target=\"_blank\" rel=\"noopener\"><i class=\"fa fa-instagram\"><\/i><\/a><\/li><li><a class=\"social-linkedin\" href=\"https:\/\/www.linkedin.com\/company\/akdemir-legal-law-consultancy\/\" target=\"_blank\" rel=\"noopener\"><i class=\"fa fa-linkedin\"><\/i><\/a><\/li><\/ul><\/div> <!-- .team-social-wrap --><\/div><!-- .team-inner --><\/div><!-- .col \/ .owl-carousel-item \/ .isotope --><div class=\"col-lg-4 col-md-6 col-sm-12\" ><div class=\"team-inner\"><div class=\"post-thumb\"><a href=\"https:\/\/akdemirlegal.com\/en\/avukat\/ahmet-mert-akdemir-2\/\" class=\"post-image-link\"><img decoding=\"async\" src=\"https:\/\/akdemirlegal.com\/wp-content\/uploads\/2016\/02\/WhatsApp-Image-2025-08-10-at-14.33.18.jpeg\" title=\"WhatsApp Image 2025-08-10 at 14.33.18\" alt=\"\" class=\"img-fluid squared img-fluid squared img-fluid squared img-fluid squared img-fluid squared img-fluid squared\" \/><\/a><\/div><!-- .post-thumb --><div class=\"entry-title\"><h4 class=\"post-title-head\"><a href=\"https:\/\/akdemirlegal.com\/en\/avukat\/ahmet-mert-akdemir-2\/\" class=\"post-title\">Ahmet Mert Akdemir<\/a><\/h4><\/div><!-- .entry-title --><div class=\"team-designation\"><div class=\"post-designation-head\">Founding Partner \/ Attorney at Law<\/div><\/div><!-- .team-designation --><div class=\"team-social-wrap clearfix\"><ul class=\"nav social-icons team-socialsocial-circled social-black social-h-own social-bg-transparent social-hbg-transparent\"><li><a class=\"social-instagram\" href=\"https:\/\/www.instagram.com\/akdemirlegal\/\" target=\"_blank\" rel=\"noopener\"><i class=\"fa fa-instagram\"><\/i><\/a><\/li><li><a class=\"social-linkedin\" href=\"https:\/\/www.linkedin.com\/in\/ahmet-mert-akdemir-256b89370\/\" target=\"_blank\" rel=\"noopener\"><i class=\"fa fa-linkedin\"><\/i><\/a><\/li><\/ul><\/div> <!-- .team-social-wrap --><\/div><!-- .team-inner --><\/div><!-- .col \/ .owl-carousel-item \/ .isotope --><div class=\"col-lg-4 col-md-6 col-sm-12\" ><div class=\"team-inner\"><div class=\"post-thumb\"><a href=\"https:\/\/akdemirlegal.com\/en\/avukat\/certified-public-accountant-sedat-sevkin\/\" class=\"post-image-link\"><img decoding=\"async\" src=\"https:\/\/akdemirlegal.com\/wp-content\/uploads\/2026\/04\/sedat-sevkin.png\" title=\"sedat-sevkin\" alt=\"\" class=\"img-fluid squared img-fluid squared img-fluid squared img-fluid squared img-fluid squared img-fluid squared img-fluid squared\" \/><\/a><\/div><!-- .post-thumb --><div class=\"entry-title\"><h4 class=\"post-title-head\"><a href=\"https:\/\/akdemirlegal.com\/en\/avukat\/certified-public-accountant-sedat-sevkin\/\" class=\"post-title\">Certified Public Accountant Sedat \u015eevkin<\/a><\/h4><\/div><!-- .entry-title --><div class=\"team-designation\"><div class=\"post-designation-head\">Consultant<\/div><\/div><!-- .team-designation --><div class=\"team-social-wrap clearfix\"><ul class=\"nav social-icons team-socialsocial-circled social-black social-h-own social-bg-transparent social-hbg-transparent\"><li><a class=\"social-instagram\" href=\"https:\/\/www.instagram.com\/akdemirlegal\/\" target=\"_blank\" rel=\"noopener\"><i class=\"fa fa-instagram\"><\/i><\/a><\/li><li><a class=\"social-linkedin\" href=\"https:\/\/www.linkedin.com\/company\/akdemir-legal-law-consultancy\/\" target=\"_blank\" rel=\"noopener\"><i class=\"fa fa-linkedin\"><\/i><\/a><\/li><\/ul><\/div> <!-- .team-social-wrap --><\/div><!-- .team-inner --><\/div><!-- .col \/ .owl-carousel-item \/ .isotope --><\/div><!-- .row -->\t\t\t\r\n\t\t<\/div>\r\n\t\t\t\t<\/div>\n\t\t\t\t\t<\/div>\n\t\t<\/div>\n\t\t\t\t\t<\/div>\n\t\t<\/section>\n\t\t\t\t<\/div>\n\t\t","protected":false},"excerpt":{"rendered":"<p>S\u00fcmeyye Nur Yakut Akdemir Y\u00f6netici Avukat Hale Bilir Genel Koordinator Mehmet \u015eeng\u00fcl \u0130cra Takip Sorumlusu..<\/p>\n","protected":false},"author":1,"featured_media":0,"parent":0,"menu_order":0,"comment_status":"closed","ping_status":"closed","template":"","meta":{"footnotes":""},"class_list":["post-37662","page","type-page","status-publish"],"_links":{"self":[{"href":"https:\/\/akdemirlegal.com\/en\/wp-json\/wp\/v2\/pages\/37662","targetHints":{"allow":["GET"]}}],"collection":[{"href":"https:\/\/akdemirlegal.com\/en\/wp-json\/wp\/v2\/pages"}],"about":[{"href":"https:\/\/akdemirlegal.com\/en\/wp-json\/wp\/v2\/types\/page"}],"author":[{"embeddable":true,"href":"https:\/\/akdemirlegal.com\/en\/wp-json\/wp\/v2\/users\/1"}],"replies":[{"embeddable":true,"href":"https:\/\/akdemirlegal.com\/en\/wp-json\/wp\/v2\/comments?post=37662"}],"version-history":[{"count":3,"href":"https:\/\/akdemirlegal.com\/en\/wp-json\/wp\/v2\/pages\/37662\/revisions"}],"predecessor-version":[{"id":37665,"href":"https:\/\/akdemirlegal.com\/en\/wp-json\/wp\/v2\/pages\/37662\/revisions\/37665"}],"wp:attachment":[{"href":"https:\/\/akdemirlegal.com\/en\/wp-json\/wp\/v2\/media?parent=37662"}],"curies":[{"name":"wp","href":"https:\/\/api.w.org\/{rel}","templated":true}]}}